{"id":13,"date":"2022-04-01T13:50:00","date_gmt":"2022-04-01T13:50:00","guid":{"rendered":"http:\/\/xn--zerozero-zrich-psb.ch\/?page_id=13"},"modified":"2022-05-06T12:19:32","modified_gmt":"2022-05-06T12:19:32","slug":"datenschutz","status":"publish","type":"page","link":"http:\/\/xn--zerozero-zrich-psb.ch\/?page_id=13","title":{"rendered":""},"content":{"rendered":"\t\t<div data-elementor-type=\"wp-page\" data-elementor-id=\"13\" class=\"elementor elementor-13\">\n\t\t\t\t\t\t<section class=\"elementor-section elementor-top-section elementor-element elementor-element-b302160 elementor-section-boxed elementor-section-height-default elementor-section-height-default\" data-id=\"b302160\" data-element_type=\"section\" data-e-type=\"section\">\n\t\t\t\t\t\t<div class=\"elementor-container elementor-column-gap-default\">\n\t\t\t\t\t<div class=\"aux-parallax-section elementor-column elementor-col-100 elementor-top-column elementor-element elementor-element-02e22e6\" data-id=\"02e22e6\" data-element_type=\"column\" data-e-type=\"column\">\n\t\t\t<div class=\"elementor-widget-wrap elementor-element-populated\">\n\t\t\t\t\t\t<div class=\"elementor-element elementor-element-95f37e4 elementor-widget elementor-widget-text-editor\" data-id=\"95f37e4\" data-element_type=\"widget\" data-e-type=\"widget\" data-widget_type=\"text-editor.default\">\n\t\t\t\t<div class=\"elementor-widget-container\">\n\t\t\t\t\t\t\t\t\t<h2><span style=\"color: #ffffff;\"><strong>Datenschutz<\/strong><\/span><\/h2><p><span style=\"color: #ffffff;\">In dieser Datenschutzerkl\u00e4rung informieren wir Sie \u00fcber die Verarbeitung Ihrer personenbezogenen Daten.<\/span><\/p><p><span style=\"color: #ffffff;\"><strong>Verantwortlich<\/strong><\/span><\/p><ul><li><span style=\"color: #ffffff;\">Zero Zero, Merker Areal, Eingang E, 5400 Baden<\/span><\/li><li><span style=\"color: #ffffff;\">Zero Zero Rare Groove B\u00e4ckerstrasse 54 8004 Z\u00fcrich<\/span><\/li><\/ul><p><span style=\"color: #ffffff;\">petro@zerozero.ch, 056 222 16 45<\/span><\/p><p><span style=\"color: #ffffff;\"><strong>Widerspruchsrecht<\/strong><\/span><\/p><p><span style=\"color: #ffffff;\">Sofern die Verarbeitung Ihrer personenbezogenen Daten auf Grundlage des berechtigten Interesses erfolgt, haben Sie das Recht gegen dieser Verarbeitung zu widersprechen.<\/span><\/p><p><span style=\"color: #ffffff;\">Sofern keine zwingenden schutzw\u00fcrdigen Gr\u00fcnde f\u00fcr die Verarbeitung unsererseits vorliegen, wird die Verarbeitung Ihrer Daten auf Basis dieser Rechtsgrundlage eingestellt.<\/span><\/p><p><span style=\"color: #ffffff;\">Zudem haben Sie das Recht, der Verarbeitung Ihrer personenbezogenen Daten zum Zweck der Direktwerbung zu widersprechen. Im Fall des Widerspruchs werden Ihre personenbezogenen Daten nicht mehr zum Zweck der Direktwerbung verarbeitet.<\/span><\/p><p><span style=\"color: #ffffff;\">Die Rechtm\u00e4\u00dfigkeit der bis zum Widerspruch verarbeiteten Daten wird durch den Widerspruch nicht ber\u00fchrt.<\/span><\/p><p><span style=\"color: #ffffff;\"><strong>Widerrufsrecht<\/strong><\/span><\/p><p><span style=\"color: #ffffff;\">Im Fall der Einwilligung in den Erhalt elektronischer Werbung kann der Widerruf Ihrer Einwilligung durch Klick auf den Abmeldelink erfolgen. In diesem Fall wird eine Verarbeitung, sofern keine andere Rechtsgrundlage besteht, eingestellt.<\/span><\/p><p><span style=\"color: #ffffff;\">Die Rechtm\u00e4\u00dfigkeit der bis zum Widerruf verarbeiteten Daten wird durch den Widerruf nicht ber\u00fchrt.<\/span><\/p><p><span style=\"color: #ffffff;\"><strong>Betroffenenrechte<\/strong><\/span><\/p><p><span style=\"color: #ffffff;\">Sie haben zudem das Recht auf Auskunft, Berichtigung, L\u00f6schung und Einschr\u00e4nkung der Verarbeitung der personenbezogenen Daten.<\/span><\/p><p><span style=\"color: #ffffff;\">Soweit die Rechtsgrundlage der Verarbeitung Ihrer personenbezogenen Daten in Ihrer Einwilligung oder in einem mit Ihnen abgeschlossenen Vertrag besteht, haben Sie \u00fcberdies das Recht auf Daten\u00fcbertragbarkeit.\u00a0<\/span><\/p><p><span style=\"color: #ffffff;\">Wir nehmen den Schutz Ihrer pers\u00f6nlichen Daten sehr ernst. Daher behandeln wir Ihre personenbezogenen Daten vertraulich und entsprechend der gesetzlichen Datenschutzvorschriften sowie der vorliegenden Datenschutzerkl\u00e4rung (Artikel 13 der schweizerischen Bundesverfassung und die datenschutzrechtlichen Bestimmungen des Bundes (Datenschutzgesetz, DSG)). Pers\u00f6nliche Daten werden streng vertraulich behandelt und weder an Dritte verkauft noch weitergegeben.<\/span><\/p><p><span style=\"color: #ffffff;\"><strong>Erhebung und Verarbeitung von Daten<\/strong><\/span><\/p><p><span style=\"color: #ffffff;\">Beim Zugriff auf unsere Webseite werden folgende Daten in Logfiles gespeichert: IP-Adresse, Datum, Uhrzeit, Browser-Anfrage und allgemein \u00fcbertragene Informationen zum Betriebssystem respektive Browser. Unsere Webseite kann grunds\u00e4tzlich ohne Registrierung besucht werden. Durch die Nutzung unserer Webseite erkl\u00e4ren Sie sich mit der Erhebung, Verarbeitung und Nutzung von Daten einverstanden.<\/span><\/p><p><span style=\"color: #ffffff;\"><strong>Cookies<\/strong><\/span><\/p><p><span style=\"color: #ffffff;\">Unsere Webseite verwendet \u201eCookies\u201c. Das sind kleine Textdateien, die es m\u00f6glich machen, auf dem Endger\u00e4t des Nutzers spezifische, auf den Nutzer bezogene Informationen zu speichern, w\u00e4hrend er die Website nutzt. Zweck dieser Cookies ist insbesondere die statistische Auswertung der Nutzung unserer Website. Durch die Setzung von Cookies erhobene Daten werden durch technische Vorkehrungen pseudonymisiert. Eine Zuordnung der Daten zum aufrufenden Nutzer ist nicht mehr m\u00f6glich. Die Daten werden nicht gemeinsam mit sonstigen personenbezogenen Daten gespeichert oder verkn\u00fcpft. Die Cookies auf unserer Website k\u00f6nnen Sie in Ihrem Browser jederzeit ganz oder teilweise deaktivieren. Bei deaktivierten Cookies stehen Ihnen allenfalls nicht mehr alle Funktionen unserer Website zur Verf\u00fcgung.<\/span><\/p><p><span style=\"color: #ffffff;\"><strong>Google Analytics<\/strong><\/span><\/p><p><span style=\"color: #ffffff;\">Unsere Website benutzt Google Analytics, einen Webanalysedienst der Google Inc., mit Sitz in der USA. Google Analytics verwendet ebenfalls \u201eCookies\u201c: Textdateien, die auf Ihrem Computer gespeichert werden und die eine Analyse der Benutzung der Website durch Sie erm\u00f6glichen. Aufgrund dieser gespeicherten Daten k\u00f6nnen keine R\u00fcckschl\u00fcsse auf Ihre Person gemacht werden. Der Erfassung durch Google Analytics k\u00f6nnen Sie jederzeit widersprechen. Zur Deaktivierung von Google Analytiscs stellt Google unter https:\/\/tools.google.com\/dlpage\/gaoptout?hl=de ein Browser-Plug-In zur Verf\u00fcgung.<\/span><\/p><p><span style=\"color: #ffffff;\"><strong>Widerruf von Einwilligungen, Auskunft und Berichtigung<\/strong><\/span><\/p><p><span style=\"color: #ffffff;\">Sie haben ein Recht auf unentgeltliche Auskunft \u00fcber Ihre gespeicherten Daten (Bundesgesetz \u00fcber den Datenschutz, Art. 8 DSG) sowie ein Recht auf Berichtigung (Bundesgesetz \u00fcber den Datenschutz, Art. 5 Abs. 2 DSG). Dar\u00fcber hinaus k\u00f6nnen Sie verlangen, dass Ihre Daten gel\u00f6scht werden, soweit diese nicht mehr zur Vertragsabwicklung ben\u00f6tigt werden. Ebenso k\u00f6nnen Sie die Sperrung Ihrer Daten verlangen. Auskunftsbegehren und Sperrungs- bzw. L\u00f6schungsverlangen k\u00f6nnen in schriftlicher Form an Zero Zero gerichtet werden.<\/span><\/p><p><span style=\"color: #ffffff;\"><strong>Haftungsausschluss<\/strong><\/span><\/p><p><span style=\"color: #ffffff;\">Zero Zero \u00fcbernimmt keine Haftung f\u00fcr direkte oder indirekte Sch\u00e4den oder Folgesch\u00e4den, welche im Zusammenhang mit der Benutzung der Website bei Benutzern oder Dritten entstehen k\u00f6nnten.<\/span><\/p><p><span style=\"color: #ffffff;\"><strong>Urheberrechte<\/strong><\/span><\/p><p><span style=\"color: #ffffff;\">Die Urheber- und alle anderen Rechte an Inhalten, Bildern, Fotos oder anderen Dateien auf der Website geh\u00f6ren ausschliesslich Zero Zero oder den speziell genannten Rechtsinhabern.<\/span><\/p><p><span style=\"color: #ffffff;\"><strong>Aktualit\u00e4t der Datenschutzerkl\u00e4rung<\/strong><\/span><\/p><p><span style=\"color: #ffffff;\">Diese Datenschutzerkl\u00e4rung ist aktuell g\u00fcltig und datiert vom 11. August 2020. Sie kann jederzeit ohne Vorank\u00fcndigung angepasst werden.<\/span><\/p>\t\t\t\t\t\t\t\t<\/div>\n\t\t\t\t<\/div>\n\t\t\t\t\t<\/div>\n\t\t<\/div>\n\t\t\t\t\t<\/div>\n\t\t<\/section>\n\t\t\t\t<\/div>\n\t\t","protected":false},"excerpt":{"rendered":"<p>Datenschutz In dieser Datenschutzerkl\u00e4rung informieren wir Sie \u00fcber die Verarbeitung Ihrer personenbezogenen Daten. Verantwortlich Zero Zero, Merker Areal, Eingang E, 5400 Baden Zero Zero Rare Groove B\u00e4ckerstrasse 54 8004 Z\u00fcrich petro@zerozero.ch, 056 222 16 45 Widerspruchsrecht Sofern die Verarbeitung Ihrer personenbezogenen Daten auf Grundlage des berechtigten Interesses erfolgt, haben Sie das Recht gegen dieser Verarbeitung [&hellip;]<\/p>\n","protected":false},"author":2,"featured_media":0,"parent":0,"menu_order":0,"comment_status":"closed","ping_status":"closed","template":"","meta":{"footnotes":""},"class_list":["post-13","page","type-page","status-publish","hentry"],"_links":{"self":[{"href":"http:\/\/xn--zerozero-zrich-psb.ch\/index.php?rest_route=\/wp\/v2\/pages\/13","targetHints":{"allow":["GET"]}}],"collection":[{"href":"http:\/\/xn--zerozero-zrich-psb.ch\/index.php?rest_route=\/wp\/v2\/pages"}],"about":[{"href":"http:\/\/xn--zerozero-zrich-psb.ch\/index.php?rest_route=\/wp\/v2\/types\/page"}],"author":[{"embeddable":true,"href":"http:\/\/xn--zerozero-zrich-psb.ch\/index.php?rest_route=\/wp\/v2\/users\/2"}],"replies":[{"embeddable":true,"href":"http:\/\/xn--zerozero-zrich-psb.ch\/index.php?rest_route=%2Fwp%2Fv2%2Fcomments&post=13"}],"version-history":[{"count":21,"href":"http:\/\/xn--zerozero-zrich-psb.ch\/index.php?rest_route=\/wp\/v2\/pages\/13\/revisions"}],"predecessor-version":[{"id":318,"href":"http:\/\/xn--zerozero-zrich-psb.ch\/index.php?rest_route=\/wp\/v2\/pages\/13\/revisions\/318"}],"wp:attachment":[{"href":"http:\/\/xn--zerozero-zrich-psb.ch\/index.php?rest_route=%2Fwp%2Fv2%2Fmedia&parent=13"}],"curies":[{"name":"wp","href":"https:\/\/api.w.org\/{rel}","templated":true}]}}